{"id":206,"date":"2024-03-30T02:49:51","date_gmt":"2024-03-30T02:49:51","guid":{"rendered":"https:\/\/banh.hoacafashion.com\/?post_type=product&#038;p=206"},"modified":"2024-03-30T02:49:51","modified_gmt":"2024-03-30T02:49:51","slug":"bot-my-hoa-ngoc-lan-1kg-han-quoc","status":"publish","type":"product","link":"https:\/\/banh.hoacafashion.com\/index.php\/product\/bot-my-hoa-ngoc-lan-1kg-han-quoc\/","title":{"rendered":"B\u1ed9t m\u1ef3 hoa ng\u1ecdc lan 1kg H\u00e0n Qu\u1ed1c"},"content":{"rendered":"<h3><strong>B\u1ed9t m\u1ef3 hoa ng\u1ecdc lan 1kg<\/strong><\/h3>\n<p>B\u1ed9t hoa ng\u1ecdc lan<\/p>\n<p>B\u1ed9t m\u1ef3 Hoa Ng\u1ecdc Lan \u0111\u00e3 t\u1eeb l\u00e2u l\u00e0 m\u1ed9t s\u1ea3n ph\u1ea9m th\u00e2n thu\u1ed9c c\u1ee7a c\u00e1c gia \u0111\u00ecnh. Trong x\u00e3 h\u1ed9i hi\u1ec7n \u0111\u1ea1i ng\u00e0y nay, khi ra ngo\u00e0i \u0103n h\u00e0ng hay s\u1eed d\u1ee5ng c\u00e1c \u0111\u1ed3 \u0103n s\u1eb5n \u0111\u00e3 ng\u00e0y tr\u1edf nen ph\u1ed5 bi\u1ebfn, b\u1ed9t Hoa Ng\u1ecdc Lan k\u00e9o l\u1ea1i c\u00e1c gi\u00e1 tr\u1ecb truy\u1ec1n th\u1ed1ng, l\u00e0m c\u00e1c b\u00e9 g\u00e1i v\u00e0 c\u00e1c b\u00e0 m\u1eb9 th\u1ebf h\u1ec7 m\u1edbi tr\u1edf n\u00ean kh\u00e9o tay hay l\u00e0m h\u01a1n v\u00e0 h\u01a1n th\u1ebf n\u1eefa, \u0111\u00f3 l\u00e0 nh\u1eefng ti\u1ebfng c\u01b0\u1eddi vui, h\u1ea1nh ph\u00fac trong gia \u0111\u00ecnh\u2026<br \/>\n<img loading=\"lazy\" decoding=\"async\" class=\"aligncenter size-full wp-image-207\" src=\"https:\/\/banh.hoacafashion.com\/wp-content\/uploads\/2024\/03\/1140709bot-hoa-ngoc-lan.jpg\" alt=\"\" width=\"480\" height=\"480\" srcset=\"https:\/\/banh.hoacafashion.com\/wp-content\/uploads\/2024\/03\/1140709bot-hoa-ngoc-lan.jpg 480w, https:\/\/banh.hoacafashion.com\/wp-content\/uploads\/2024\/03\/1140709bot-hoa-ngoc-lan-300x300.jpg 300w, https:\/\/banh.hoacafashion.com\/wp-content\/uploads\/2024\/03\/1140709bot-hoa-ngoc-lan-150x150.jpg 150w, https:\/\/banh.hoacafashion.com\/wp-content\/uploads\/2024\/03\/1140709bot-hoa-ngoc-lan-100x100.jpg 100w\" sizes=\"auto, (max-width: 480px) 100vw, 480px\" \/><br \/>\n\u0110\u00e2y l\u00e0 m\u1ed9t lo\u1ea1i b\u1ed9t m\u00ec \u0111a d\u1ee5ng, r\u1ea5t ph\u00f9 h\u1ee3p \u0111\u1ec3 ch\u1ebf bi\u1ebfn c\u00e1c m\u00f3n nh\u01b0: t\u00f4m t\u1ea9m b\u1ed9t, g\u00e0 t\u1ea9m b\u1ed9t v\u00e0 c\u00e1c lo\u1ea1i b\u00e1nh nh\u01b0 b\u00e1nh r\u00e1n, b\u00e1nh bao, qu\u1ea9y, dounut, b\u00e1nh ga t\u00f4, b\u00e1nh g\u1ed1i, b\u00e1nh l\u1ed9t v\u1ecf, b\u00e1nh m\u1ef3 v\u00e0 c\u00e1c s\u1ea3n ph\u1ea9m kh\u00e1c.<\/p>\n<p>Th\u00e0nh ph\u1ea7n dinh d\u01b0\u1ee1ng:<\/p>\n<p>Protein: 10% \u2013 11%<\/p>\n<p>Gluten \u01b0\u1edbt: 28% \u2013 30%<\/p>\n<p>Th\u1ee7y ph\u1ea7n: 14%<\/p>\n<p>H\u00e0m l\u01b0\u1ee3ng tro: 0.5% \u2013 0.6%<\/p>\n<p>\u0110\u00f3ng g\u00f3i: bao 1Kg<\/p>\n<p>C\u00e1c s\u1ea3n ph\u1ea9m l\u00e0m t\u1eeb b\u1ed9t Hoa Ng\u1ecdc Lan<\/p>\n","protected":false},"excerpt":{"rendered":"<p>\u2013 C\u00f3 h\u00e0m l\u01b0\u1ee3ng protein t\u1eeb 10-11%<\/p>\n<p>\u2013 L\u00e0 b\u1ed9t m\u1ef3 \u0111a d\u1ee5ng \u0111\u01b0\u1ee3c d\u00f9ng \u0111\u1ec3 l\u00e0m b\u00e1nh, n\u1ea5u \u0103n..<\/p>\n<p>\u2013 \u0110\u01b0\u1ee3c \u0111\u00f3ng g\u00f3i c\u1ea9n th\u1eadn an to\u00e0n<\/p>\n<div class=\"note-san-pham\"><span style=\"color: red; font-weight: bold\">Khuy\u1ebfn m\u1ea1i:<\/span><br \/>\n&#8211; Mi\u1ec5n ph\u00ed giao h\u00e0ng n\u1ed9i th\u00e0nh H\u00e0 N\u1ed9i v\u1edbi \u0111\u01a1n h\u00e0ng &gt;300.000\u0111 v\u00e0 free ship c\u00e1c t\u1ec9nh v\u1edbi \u0111\u01a1n h\u00e0ng &gt;1.000.0000\u0111<br \/>\n&#8211; H\u1ed7 tr\u1ee3 \u0111\u1ed5i tr\u1ea3 h\u00e0ng mi\u1ec5n ph\u00ed trong 7 ng\u00e0y (\u0111\u1ed1i v\u1edbi c\u00e1c thi\u1ebft b\u1ecb \u0111i\u1ec7n)<\/div>\n","protected":false},"featured_media":207,"comment_status":"open","ping_status":"closed","template":"","meta":[],"product_cat":[25,16],"product_tag":[],"class_list":{"0":"post-206","1":"product","2":"type-product","3":"status-publish","4":"has-post-thumbnail","6":"product_cat-cac-loai-bot-lam-banh","7":"product_cat-nguyen-lieu-lam-banh","9":"first","10":"instock","11":"shipping-taxable","12":"purchasable","13":"product-type-simple"},"_links":{"self":[{"href":"https:\/\/banh.hoacafashion.com\/index.php\/wp-json\/wp\/v2\/product\/206","targetHints":{"allow":["GET"]}}],"collection":[{"href":"https:\/\/banh.hoacafashion.com\/index.php\/wp-json\/wp\/v2\/product"}],"about":[{"href":"https:\/\/banh.hoacafashion.com\/index.php\/wp-json\/wp\/v2\/types\/product"}],"replies":[{"embeddable":true,"href":"https:\/\/banh.hoacafashion.com\/index.php\/wp-json\/wp\/v2\/comments?post=206"}],"wp:featuredmedia":[{"embeddable":true,"href":"https:\/\/banh.hoacafashion.com\/index.php\/wp-json\/wp\/v2\/media\/207"}],"wp:attachment":[{"href":"https:\/\/banh.hoacafashion.com\/index.php\/wp-json\/wp\/v2\/media?parent=206"}],"wp:term":[{"taxonomy":"product_cat","embeddable":true,"href":"https:\/\/banh.hoacafashion.com\/index.php\/wp-json\/wp\/v2\/product_cat?post=206"},{"taxonomy":"product_tag","embeddable":true,"href":"https:\/\/banh.hoacafashion.com\/index.php\/wp-json\/wp\/v2\/product_tag?post=206"}],"curies":[{"name":"wp","href":"https:\/\/api.w.org\/{rel}","templated":true}]}}