{"id":203,"date":"2024-03-30T02:46:33","date_gmt":"2024-03-30T02:46:33","guid":{"rendered":"https:\/\/banh.hoacafashion.com\/?post_type=product&#038;p=203"},"modified":"2024-03-30T02:46:33","modified_gmt":"2024-03-30T02:46:33","slug":"bot-lam-banh-3-bong-hong-xanh-500g","status":"publish","type":"product","link":"https:\/\/banh.hoacafashion.com\/index.php\/product\/bot-lam-banh-3-bong-hong-xanh-500g\/","title":{"rendered":"B\u1ed9t l\u00e0m b\u00e1nh 3 B\u00f4ng H\u1ed3ng Xanh 500g"},"content":{"rendered":"<h3><strong>B\u1ed9t 3 B\u00f4ng H\u1ed3ng Xanh<\/strong><\/h3>\n<p>B\u1ed9t nghi\u1ec1n t\u1eeb l\u00faa m\u1ef3 tr\u1eafng v\u1edbi c\u00f4ng ngh\u1ec7 nghi\u1ec1n ti\u00ean ti\u1ebfn t\u00e1ch d\u00f2ng t\u1eeb l\u00f5i h\u1ea1t \u0111\u1ec3 c\u00f3 \u0111\u1ed9 tr\u1eafng \u0111\u1eb7c bi\u1ec7t d\u00f9ng \u0111\u1ec3 l\u00e0m b\u00e1nh cao c\u1ea5p nh\u01b0 b\u00e1nh bao, B\u00e1nh mantou, m\u1ef3 Nh\u1eadt b\u1ea3n, Dimsum\u2026<br \/>\nB\u1ed9t 3 B\u00f4ng H\u1ed3ng Xanh v\u1edbi h\u00e0m l\u01b0\u1ee3ng protein t\u1eeb 8.5- 10.5 %<br \/>\nL\u00e0 lo\u1ea1i b\u1ed9t m\u1ef3 \u0111a d\u1ee5ng, an to\u00e0n, \u0111\u01b0\u1ee3c s\u1eed d\u1ee5ng \u0111\u1ec3 l\u00e0m t\u1ea5t c\u1ea3 c\u00e1c lo\u1ea1i b\u00e1nh nh\u01b0ng ch\u1ee7 y\u1ebfu \u0111\u01b0\u1ee3c d\u00f9ng \u0111\u1ec3 l\u00e0m b\u00e1nh gato, b\u00e1nh ng\u1ecdt , b\u00e1nh n\u01b0\u1edbng ,..<br \/>\n<img loading=\"lazy\" decoding=\"async\" class=\"aligncenter size-full wp-image-204\" src=\"https:\/\/banh.hoacafashion.com\/wp-content\/uploads\/2024\/03\/bot-my-bong-hong-xanh.jpg\" alt=\"\" width=\"420\" height=\"360\" srcset=\"https:\/\/banh.hoacafashion.com\/wp-content\/uploads\/2024\/03\/bot-my-bong-hong-xanh.jpg 420w, https:\/\/banh.hoacafashion.com\/wp-content\/uploads\/2024\/03\/bot-my-bong-hong-xanh-300x257.jpg 300w\" sizes=\"auto, (max-width: 420px) 100vw, 420px\" \/><br \/>\nXu\u1ea5t x\u1ee9: Vi\u1ec7t Nam<br \/>\nTr\u1ecdng l\u01b0\u1ee3ng: 500g<br \/>\nB\u1ed9t m\u1ef3 \u0111\u01b0\u1ee3c \u0111\u00f3ng g\u00f3i ti\u1ec7n l\u1ee3i, an to\u00e0n, d\u1ec5 d\u00e0ng s\u1eed d\u1ee5ng , b\u1ea3o qu\u1ea3n n\u01a1i kh\u00f4 r\u00e1o tho\u00e1ng m\u00e1t.<br \/>\nB\u1ea1n c\u00f3 th\u1ec3 mua b\u1ed9t b\u00f4ng h\u1ed3ng xanh \u1edf \u0111\u00e2u??<br \/>\nB\u1ea1n c\u00f3 th\u1ec3 mua \u1edf c\u00e1c ti\u1ec7m l\u00e0m b\u00e1nh, Beemart- n\u01a1i \u0111\u1ebfn c\u1ee7a nh\u1eefng ng\u01b0\u1eddi y\u00eau b\u00e1nh cung c\u1ea5p \u0111\u1ea7y \u0111\u1ee7 c\u00e1c nguy\u00ean li\u1ec7u- d\u1ee5ng c\u1ee5 l\u00e0m b\u00e1nh h\u1ea5p d\u1eabn v\u00e0 d\u1ec5 d\u00e0ng.<br \/>\n\u0110\u1ecba ch\u1ec9: S\u1ed1 5 ng\u00f5 26 Nguy\u1ec5n Kh\u00e1nh To\u00e0n, C\u1ea7u Gi\u1ea5y, H\u00e0 N\u1ed9i<br \/>\nS\u1ed1 6 ng\u00f5 68 Quan Nh\u00e2n, Thanh Xu\u00e2n, H\u00e0 N\u1ed9i<\/p>\n","protected":false},"excerpt":{"rendered":"<p>\u2013 L\u00e0 b\u1ed9t l\u00e0m b\u00e1nh v\u1edbi h\u00e0m l\u01b0\u1ee3ng protein t\u1eeb 8.5 \u2013 10.5 %<br \/>\n\u2013 \u0110\u01b0\u1ee3c d\u00f9ng \u0111\u1ec3 l\u00e0m c\u00e1c lo\u1ea1i b\u00e1nh ng\u1ecdt kh\u00e1c nhau<br \/>\n\u2013 \u0110\u01b0\u1ee3c \u0111\u00f3ng g\u00f3i ti\u1ec7n l\u1ee3i an to\u00e0n, d\u1ec5 d\u00e0ng s\u1eed d\u1ee5ng<br \/>\n\u2013 Tr\u1ecdng l\u01b0\u1ee3ng: 500g<\/p>\n<div class=\"note-san-pham\"><span style=\"color: red; font-weight: bold;\">Khuy\u1ebfn m\u1ea1i:<\/span><br \/>\n&#8211; Mi\u1ec5n ph\u00ed giao h\u00e0ng n\u1ed9i th\u00e0nh H\u00e0 N\u1ed9i v\u1edbi \u0111\u01a1n h\u00e0ng &gt;300.000\u0111 v\u00e0 free ship c\u00e1c t\u1ec9nh v\u1edbi \u0111\u01a1n h\u00e0ng &gt;1.000.0000\u0111<br \/>\n&#8211; H\u1ed7 tr\u1ee3 \u0111\u1ed5i tr\u1ea3 h\u00e0ng mi\u1ec5n ph\u00ed trong 7 ng\u00e0y (\u0111\u1ed1i v\u1edbi c\u00e1c thi\u1ebft b\u1ecb \u0111i\u1ec7n)<\/div>\n","protected":false},"featured_media":204,"comment_status":"open","ping_status":"closed","template":"","meta":[],"product_cat":[25,16],"product_tag":[],"class_list":{"0":"post-203","1":"product","2":"type-product","3":"status-publish","4":"has-post-thumbnail","6":"product_cat-cac-loai-bot-lam-banh","7":"product_cat-nguyen-lieu-lam-banh","9":"first","10":"instock","11":"shipping-taxable","12":"purchasable","13":"product-type-simple"},"_links":{"self":[{"href":"https:\/\/banh.hoacafashion.com\/index.php\/wp-json\/wp\/v2\/product\/203","targetHints":{"allow":["GET"]}}],"collection":[{"href":"https:\/\/banh.hoacafashion.com\/index.php\/wp-json\/wp\/v2\/product"}],"about":[{"href":"https:\/\/banh.hoacafashion.com\/index.php\/wp-json\/wp\/v2\/types\/product"}],"replies":[{"embeddable":true,"href":"https:\/\/banh.hoacafashion.com\/index.php\/wp-json\/wp\/v2\/comments?post=203"}],"wp:featuredmedia":[{"embeddable":true,"href":"https:\/\/banh.hoacafashion.com\/index.php\/wp-json\/wp\/v2\/media\/204"}],"wp:attachment":[{"href":"https:\/\/banh.hoacafashion.com\/index.php\/wp-json\/wp\/v2\/media?parent=203"}],"wp:term":[{"taxonomy":"product_cat","embeddable":true,"href":"https:\/\/banh.hoacafashion.com\/index.php\/wp-json\/wp\/v2\/product_cat?post=203"},{"taxonomy":"product_tag","embeddable":true,"href":"https:\/\/banh.hoacafashion.com\/index.php\/wp-json\/wp\/v2\/product_tag?post=203"}],"curies":[{"name":"wp","href":"https:\/\/api.w.org\/{rel}","templated":true}]}}